{"id":1872,"date":"2023-09-11T06:19:46","date_gmt":"2023-09-11T11:19:46","guid":{"rendered":"https:\/\/reference.ca\/politique-de-cookies-ca\/"},"modified":"2025-11-24T13:27:36","modified_gmt":"2025-11-24T18:27:36","slug":"cookie-policy-ca","status":"publish","type":"page","link":"https:\/\/reference.ca\/en\/cookie-policy-ca\/","title":{"rendered":"Cookie Policy"},"content":{"rendered":"<p>[et_pb_section fb_built=&#8221;1&#8243; _builder_version=&#8221;4.16&#8243; global_colors_info=&#8221;{}&#8221;][et_pb_row _builder_version=&#8221;4.16&#8243; background_size=&#8221;initial&#8221; background_position=&#8221;top_left&#8221; background_repeat=&#8221;repeat&#8221; global_colors_info=&#8221;{}&#8221;][et_pb_column type=&#8221;4_4&#8243; _builder_version=&#8221;4.16&#8243; custom_padding=&#8221;|||&#8221; global_colors_info=&#8221;{}&#8221; custom_padding__hover=&#8221;|||&#8221;][et_pb_text _builder_version=&#8221;4.24.3&#8243; _module_preset=&#8221;default&#8221; global_colors_info=&#8221;{}&#8221;]<\/p>\n<h1><span>Cookie Usage Policy<\/span><\/h1>\n<p>[\/et_pb_text][et_pb_text _builder_version=&#8221;4.16&#8243; background_size=&#8221;initial&#8221; background_position=&#8221;top_left&#8221; background_repeat=&#8221;repeat&#8221; global_colors_info=&#8221;{}&#8221;]<\/p>\n<script\n\t\ttype=\"text\/javascript\"\n\t\tid=\"CookieDeclaration\"\n\t\tsrc=\"https:\/\/consent.cookiebot.com\/ca213304-aa6b-4a80-8349-0b356e882151\/cd.js\"\n\t\t\tdata-culture=\"EN\"\n\t\tasync><\/script>\n\n<p>[\/et_pb_text][\/et_pb_column][\/et_pb_row][\/et_pb_section][et_pb_section fb_built=&#8221;1&#8243; module_id=&#8221;contact&#8221; _builder_version=&#8221;4.18.0&#8243; _module_preset=&#8221;default&#8221; background_color=&#8221;#D6191B&#8221; custom_padding=&#8221;0px||0px||true|false&#8221; border_width_top=&#8221;2px&#8221; border_color_top=&#8221;#D6191B&#8221; global_colors_info=&#8221;{}&#8221;][et_pb_row column_structure=&#8221;1_2,1_2&#8243; use_custom_gutter=&#8221;on&#8221; gutter_width=&#8221;4&#8243; custom_padding_last_edited=&#8221;on|phone&#8221; _builder_version=&#8221;4.18.0&#8243; _module_preset=&#8221;default&#8221; width=&#8221;95%&#8221; max_width=&#8221;1280px&#8221; module_alignment=&#8221;center&#8221; custom_padding=&#8221;||2%||false|false&#8221; custom_padding_tablet=&#8221;||4%||false|false&#8221; custom_padding_phone=&#8221;||7%||false|false&#8221; global_colors_info=&#8221;{}&#8221;][et_pb_column type=&#8221;1_2&#8243; _builder_version=&#8221;4.18.0&#8243; _module_preset=&#8221;default&#8221; global_colors_info=&#8221;{}&#8221;][et_pb_image src=&#8221;https:\/\/reference.ca\/wp-content\/uploads\/2023\/08\/logo-reference-systemes-horizontal-blanc-1.png&#8221; title_text=&#8221;2023-en-reference-systems-logo-horizontal-blanc&#8221; url=&#8221;https:\/\/reference.ca\/en\/&#8221; url_new_window=&#8221;on&#8221; align=&#8221;right&#8221; src_tablet=&#8221;https:\/\/reference.ca\/wp-content\/uploads\/\/logo-reference-systemes-vertical-blanc.svg&#8221; src_phone=&#8221;https:\/\/reference.ca\/wp-content\/uploads\/\/logo-reference-systemes-vertical-blanc.svg&#8221; src_last_edited=&#8221;on|phone&#8221; align_tablet=&#8221;center&#8221; align_phone=&#8221;center&#8221; align_last_edited=&#8221;on|tablet&#8221; _builder_version=&#8221;4.24.3&#8243; _module_preset=&#8221;default&#8221; max_width=&#8221;22vw&#8221; max_width_tablet=&#8221;40vw&#8221; max_width_phone=&#8221;70vw&#8221; max_width_last_edited=&#8221;on|phone&#8221; module_alignment=&#8221;right&#8221; custom_margin=&#8221;||0px||false|false&#8221; custom_margin_tablet=&#8221;||3%||false|false&#8221; custom_margin_phone=&#8221;||5%||false|false&#8221; custom_margin_last_edited=&#8221;on|phone&#8221; module_alignment_tablet=&#8221;center&#8221; module_alignment_phone=&#8221;center&#8221; module_alignment_last_edited=&#8221;on|phone&#8221; global_colors_info=&#8221;{}&#8221;][\/et_pb_image][et_pb_text _builder_version=&#8221;4.20.0&#8243; _module_preset=&#8221;default&#8221; text_text_color=&#8221;#FFFFFF&#8221; text_font_size=&#8221;14px&#8221; text_letter_spacing=&#8221;0.2em&#8221; text_line_height=&#8221;1.4em&#8221; link_font=&#8221;|600|||||||&#8221; ul_font=&#8221;|||on|||||&#8221; ul_text_align=&#8221;left&#8221; ul_font_size=&#8221;20px&#8221; ul_letter_spacing=&#8221;0.2em&#8221; ul_line_height=&#8221;2em&#8221; header_3_font=&#8221;|600||on|||||&#8221; header_3_text_color=&#8221;#FFFFFF&#8221; header_3_font_size=&#8221;14px&#8221; header_3_line_height=&#8221;1.4em&#8221; text_orientation=&#8221;right&#8221; custom_margin=&#8221;||||false|false&#8221; custom_margin_tablet=&#8221;||-10px||false|false&#8221; custom_margin_phone=&#8221;||-10px||false|false&#8221; custom_margin_last_edited=&#8221;on|phone&#8221; custom_padding=&#8221;||||false|false&#8221; animation_direction=&#8221;bottom&#8221; text_font_size_tablet=&#8221;14px&#8221; text_font_size_phone=&#8221;14px&#8221; text_font_size_last_edited=&#8221;on|phone&#8221; text_letter_spacing_tablet=&#8221;0.2em&#8221; text_letter_spacing_phone=&#8221;0.2em&#8221; text_letter_spacing_last_edited=&#8221;on|phone&#8221; text_line_height_tablet=&#8221;&#8221; text_line_height_phone=&#8221;1.4em&#8221; text_line_height_last_edited=&#8221;on|phone&#8221; ul_font_size_tablet=&#8221;18px&#8221; ul_font_size_phone=&#8221;16px&#8221; ul_font_size_last_edited=&#8221;on|phone&#8221; header_3_font_size_tablet=&#8221;14px&#8221; header_3_font_size_phone=&#8221;14px&#8221; header_3_font_size_last_edited=&#8221;on|desktop&#8221; text_orientation_tablet=&#8221;center&#8221; text_orientation_phone=&#8221;center&#8221; text_orientation_last_edited=&#8221;on|desktop&#8221; global_colors_info=&#8221;{}&#8221;]<\/p>\n<h3>Administrative offices:<\/h3>\n<p>400-275 rue du Parvis, Quebec (Qc) G1K 6G7<\/p>\n<p>[\/et_pb_text][\/et_pb_column][et_pb_column type=&#8221;1_2&#8243; _builder_version=&#8221;4.18.0&#8243; _module_preset=&#8221;default&#8221; global_colors_info=&#8221;{}&#8221;][et_pb_text _builder_version=&#8221;4.20.0&#8243; _module_preset=&#8221;default&#8221; text_text_color=&#8221;#FFFFFF&#8221; text_font_size=&#8221;14px&#8221; text_letter_spacing=&#8221;0.2em&#8221; text_line_height=&#8221;1.4em&#8221; link_font=&#8221;|600|||||||&#8221; link_text_color=&#8221;#FFFFFF&#8221; link_font_size=&#8221;12px&#8221; link_line_height=&#8221;1.4em&#8221; ul_font=&#8221;|||on|||||&#8221; ul_text_align=&#8221;left&#8221; ul_font_size=&#8221;20px&#8221; ul_letter_spacing=&#8221;0.2em&#8221; ul_line_height=&#8221;2em&#8221; header_3_font=&#8221;|600||on|||||&#8221; header_3_text_color=&#8221;#FFFFFF&#8221; header_3_font_size=&#8221;14px&#8221; header_3_line_height=&#8221;1.4em&#8221; custom_margin_tablet=&#8221;||0%||false|false&#8221; custom_margin_phone=&#8221;||0%||false|false&#8221; custom_margin_last_edited=&#8221;on|desktop&#8221; custom_padding=&#8221;3%||||false|false&#8221; custom_padding_tablet=&#8221;0%||||false|false&#8221; custom_padding_phone=&#8221;0%||||false|false&#8221; custom_padding_last_edited=&#8221;on|desktop&#8221; animation_direction=&#8221;bottom&#8221; text_font_size_tablet=&#8221;14px&#8221; text_font_size_phone=&#8221;14px&#8221; text_font_size_last_edited=&#8221;on|phone&#8221; text_letter_spacing_tablet=&#8221;0.2em&#8221; text_letter_spacing_phone=&#8221;0.2em&#8221; text_letter_spacing_last_edited=&#8221;on|phone&#8221; text_line_height_tablet=&#8221;&#8221; text_line_height_phone=&#8221;1.4em&#8221; text_line_height_last_edited=&#8221;on|phone&#8221; ul_font_size_tablet=&#8221;18px&#8221; ul_font_size_phone=&#8221;16px&#8221; ul_font_size_last_edited=&#8221;on|phone&#8221; header_3_font_size_tablet=&#8221;14px&#8221; header_3_font_size_phone=&#8221;14px&#8221; header_3_font_size_last_edited=&#8221;on|desktop&#8221; text_orientation_tablet=&#8221;center&#8221; text_orientation_phone=&#8221;center&#8221; text_orientation_last_edited=&#8221;on|phone&#8221; global_colors_info=&#8221;{}&#8221;]<\/p>\n<h3>Service request and information:<\/h3>\n<p>Quebec : <a href=\"tel:+14186500997\">418-650-0997<\/a><br \/>Montreal : <a href=\"tel:+15149040996\">514-904-0996<\/a><br \/>Toll Free: <a href=\"tel:+18775350997\">877-535-0997<\/a><br \/>Email: <a href=\"mailto:info@reference.ca\">info@reference.ca<\/a><\/p>\n<p>[\/et_pb_text][\/et_pb_column][\/et_pb_row][et_pb_row column_structure=&#8221;1_2,1_2&#8243; use_custom_gutter=&#8221;on&#8221; gutter_width=&#8221;4&#8243; custom_padding_last_edited=&#8221;on|phone&#8221; _builder_version=&#8221;4.27.0&#8243; _module_preset=&#8221;default&#8221; width=&#8221;95%&#8221; max_width=&#8221;250px&#8221; max_width_tablet=&#8221;250px&#8221; max_width_phone=&#8221;200px&#8221; max_width_last_edited=&#8221;on|desktop&#8221; module_alignment=&#8221;center&#8221; custom_padding=&#8221;||2%||false|false&#8221; custom_padding_tablet=&#8221;||4%||false|false&#8221; custom_padding_phone=&#8221;||7%||false|false&#8221; border_width_top=&#8221;2px&#8221; border_color_top=&#8221;#FFFFFF&#8221; border_style_top_tablet=&#8221;&#8221; border_style_top_phone=&#8221;&#8221; border_style_top_last_edited=&#8221;on|desktop&#8221; global_colors_info=&#8221;{}&#8221; global_module=&#8221;2346&#8243; theme_builder_area=&#8221;post_content&#8221;][et_pb_column type=&#8221;1_2&#8243; _builder_version=&#8221;4.18.0&#8243; _module_preset=&#8221;default&#8221; global_colors_info=&#8221;{}&#8221; theme_builder_area=&#8221;post_content&#8221;][et_pb_social_media_follow icon_color=&#8221;#D6191B&#8221; use_icon_font_size=&#8221;on&#8221; icon_font_size=&#8221;25px&#8221; icon_font_size_tablet=&#8221;20px&#8221; icon_font_size_phone=&#8221;20px&#8221; icon_font_size_last_edited=&#8221;on|desktop&#8221; _builder_version=&#8221;4.20.2&#8243; _module_preset=&#8221;default&#8221; background_color=&#8221;RGBA(255,255,255,0)&#8221; text_orientation=&#8221;center&#8221; border_color_all=&#8221;#3C3C3B&#8221; locked=&#8221;off&#8221; global_colors_info=&#8221;{}&#8221; theme_builder_area=&#8221;post_content&#8221;][et_pb_social_media_follow_network social_network=&#8221;facebook&#8221; url=&#8221;https:\/\/www.facebook.com\/referencesystemes\/&#8221; _builder_version=&#8221;4.20.2&#8243; _module_preset=&#8221;default&#8221; background_color=&#8221;#FFFFFF&#8221; background_enable_color=&#8221;on&#8221; global_colors_info=&#8221;{}&#8221; theme_builder_area=&#8221;post_content&#8221; follow_button=&#8221;off&#8221; url_new_window=&#8221;on&#8221;]facebook[\/et_pb_social_media_follow_network][et_pb_social_media_follow_network social_network=&#8221;linkedin&#8221; url=&#8221;https:\/\/www.linkedin.com\/company\/r-f-rence-syst-mes?original_referer=&#8221; _builder_version=&#8221;4.20.2&#8243; _module_preset=&#8221;default&#8221; background_color=&#8221;#FFFFFF&#8221; background_enable_color=&#8221;on&#8221; global_colors_info=&#8221;{}&#8221; theme_builder_area=&#8221;post_content&#8221; follow_button=&#8221;off&#8221; url_new_window=&#8221;on&#8221;]linkedin[\/et_pb_social_media_follow_network][\/et_pb_social_media_follow][\/et_pb_column][et_pb_column type=&#8221;1_2&#8243; _builder_version=&#8221;4.18.0&#8243; _module_preset=&#8221;default&#8221; global_colors_info=&#8221;{}&#8221; theme_builder_area=&#8221;post_content&#8221;][et_pb_image src=&#8221;https:\/\/reference.ca\/wp-content\/uploads\/\/logo-stiq-blanc.svg&#8221; title_text=&#8221;logo-stiq-blanc&#8221; url=&#8221;https:\/\/stiq.com\/&#8221; url_new_window=&#8221;on&#8221; align_tablet=&#8221;center&#8221; align_phone=&#8221;&#8221; align_last_edited=&#8221;on|tablet&#8221; _builder_version=&#8221;4.27.0&#8243; _module_preset=&#8221;default&#8221; width_tablet=&#8221;60%&#8221; width_phone=&#8221;&#8221; width_last_edited=&#8221;on|tablet&#8221; global_colors_info=&#8221;{}&#8221; theme_builder_area=&#8221;post_content&#8221;][\/et_pb_image][\/et_pb_column][\/et_pb_row][et_pb_row _builder_version=&#8221;4.20.0&#8243; _module_preset=&#8221;default&#8221; background_color=&#8221;#3C3C3B&#8221; width=&#8221;100%&#8221; max_width=&#8221;100%&#8221; module_alignment=&#8221;center&#8221; custom_padding=&#8221;10px|10%|10px|10%|true|true&#8221; global_colors_info=&#8221;{}&#8221;][et_pb_column type=&#8221;4_4&#8243; _builder_version=&#8221;4.17.4&#8243; _module_preset=&#8221;default&#8221; global_colors_info=&#8221;{}&#8221;][et_pb_text _builder_version=&#8221;4.20.0&#8243; _module_preset=&#8221;default&#8221; text_font=&#8221;|||on|||||&#8221; text_text_color=&#8221;#FFFFFF&#8221; text_font_size=&#8221;11px&#8221; text_line_height=&#8221;1.4em&#8221; text_orientation=&#8221;center&#8221; global_colors_info=&#8221;{}&#8221;]<\/p>\n<p>2022 &#8211; R\u00c9F\u00c9RENCE SYST\u00c8MES Inc. &#8211; Computer services for businesses, non-profit organizations and public institutions<\/p>\n<p>[\/et_pb_text][\/et_pb_column][\/et_pb_row][\/et_pb_section]<\/p>\n","protected":false},"excerpt":{"rendered":"<p>Cookie Usage Policy<script\n\t\ttype=\"text\/javascript\"\n\t\tid=\"CookieDeclaration\"\n\t\tsrc=\"https:\/\/consent.cookiebot.com\/ca213304-aa6b-4a80-8349-0b356e882151\/cd.js\"\n\t\t\tdata-culture=\"EN\"\n\t\tasync><\/script>\n Administrative offices: 400-275 rue du Parvis, Quebec (Qc) G1K 6G7Service request and information: Quebec : 418-650-0997Montreal : 514-904-0996Toll Free: 877-535-0997Email: info@reference.ca2022 &#8211; R\u00c9F\u00c9RENCE SYST\u00c8MES Inc. &#8211; Computer services for businesses, non-profit organizations and public institutions<\/p>\n","protected":false},"author":1,"featured_media":0,"parent":0,"menu_order":0,"comment_status":"closed","ping_status":"closed","template":"","meta":{"_et_pb_use_builder":"on","_et_pb_old_content":"","_et_gb_content_width":"","inline_featured_image":false,"footnotes":""},"class_list":["post-1872","page","type-page","status-publish","hentry"],"yoast_head":"<!-- This site is optimized with the Yoast SEO plugin v27.3 - https:\/\/yoast.com\/product\/yoast-seo-wordpress\/ -->\n<title>Cookie Policy - R\u00e9f\u00e9rence Syst\u00e8mes<\/title>\n<meta name=\"robots\" content=\"index, follow, max-snippet:-1, max-image-preview:large, max-video-preview:-1\" \/>\n<link rel=\"canonical\" href=\"https:\/\/reference.ca\/en\/cookie-policy-ca\/\" \/>\n<meta property=\"og:locale\" content=\"en_US\" \/>\n<meta property=\"og:type\" content=\"article\" \/>\n<meta property=\"og:title\" content=\"Cookie Policy - R\u00e9f\u00e9rence Syst\u00e8mes\" \/>\n<meta property=\"og:description\" content=\"Cookie Usage Policy Administrative offices: 400-275 rue du Parvis, Quebec (Qc) G1K 6G7Service request and information: Quebec : 418-650-0997Montreal : 514-904-0996Toll Free: 877-535-0997Email: info@reference.ca2022 - R\u00c9F\u00c9RENCE SYST\u00c8MES Inc. - Computer services for businesses, non-profit organizations and public institutions\" \/>\n<meta property=\"og:url\" content=\"https:\/\/reference.ca\/en\/cookie-policy-ca\/\" \/>\n<meta property=\"og:site_name\" content=\"R\u00e9f\u00e9rence Syst\u00e8mes\" \/>\n<meta property=\"article:publisher\" content=\"https:\/\/www.facebook.com\/referencesystemes\/\" \/>\n<meta property=\"article:modified_time\" content=\"2025-11-24T18:27:36+00:00\" \/>\n<meta name=\"twitter:card\" content=\"summary_large_image\" \/>\n<meta name=\"twitter:site\" content=\"@referencesys\" \/>\n<meta name=\"twitter:label1\" content=\"Est. reading time\" \/>\n\t<meta name=\"twitter:data1\" content=\"1 minute\" \/>\n<script type=\"application\/ld+json\" class=\"yoast-schema-graph\">{\"@context\":\"https:\\\/\\\/schema.org\",\"@graph\":[{\"@type\":\"WebPage\",\"@id\":\"https:\\\/\\\/reference.ca\\\/en\\\/cookie-policy-ca\\\/\",\"url\":\"https:\\\/\\\/reference.ca\\\/en\\\/cookie-policy-ca\\\/\",\"name\":\"Cookie Policy - R\u00e9f\u00e9rence Syst\u00e8mes\",\"isPartOf\":{\"@id\":\"https:\\\/\\\/reference.ca\\\/en\\\/#website\"},\"datePublished\":\"2023-09-11T11:19:46+00:00\",\"dateModified\":\"2025-11-24T18:27:36+00:00\",\"breadcrumb\":{\"@id\":\"https:\\\/\\\/reference.ca\\\/en\\\/cookie-policy-ca\\\/#breadcrumb\"},\"inLanguage\":\"en-US\",\"potentialAction\":[{\"@type\":\"ReadAction\",\"target\":[\"https:\\\/\\\/reference.ca\\\/en\\\/cookie-policy-ca\\\/\"]}]},{\"@type\":\"BreadcrumbList\",\"@id\":\"https:\\\/\\\/reference.ca\\\/en\\\/cookie-policy-ca\\\/#breadcrumb\",\"itemListElement\":[{\"@type\":\"ListItem\",\"position\":1,\"name\":\"Accueil\",\"item\":\"https:\\\/\\\/reference.ca\\\/en\\\/home\\\/\"},{\"@type\":\"ListItem\",\"position\":2,\"name\":\"Cookie Policy\"}]},{\"@type\":\"WebSite\",\"@id\":\"https:\\\/\\\/reference.ca\\\/en\\\/#website\",\"url\":\"https:\\\/\\\/reference.ca\\\/en\\\/\",\"name\":\"reference.ca\",\"description\":\"Services informatiques aux entreprises\",\"publisher\":{\"@id\":\"https:\\\/\\\/reference.ca\\\/en\\\/#organization\"},\"potentialAction\":[{\"@type\":\"SearchAction\",\"target\":{\"@type\":\"EntryPoint\",\"urlTemplate\":\"https:\\\/\\\/reference.ca\\\/en\\\/?s={search_term_string}\"},\"query-input\":{\"@type\":\"PropertyValueSpecification\",\"valueRequired\":true,\"valueName\":\"search_term_string\"}}],\"inLanguage\":\"en-US\"},{\"@type\":\"Organization\",\"@id\":\"https:\\\/\\\/reference.ca\\\/en\\\/#organization\",\"name\":\"reference.ca\",\"url\":\"https:\\\/\\\/reference.ca\\\/en\\\/\",\"logo\":{\"@type\":\"ImageObject\",\"inLanguage\":\"en-US\",\"@id\":\"https:\\\/\\\/reference.ca\\\/en\\\/#\\\/schema\\\/logo\\\/image\\\/\",\"url\":\"https:\\\/\\\/reference.ca\\\/wp-content\\\/uploads\\\/2022\\\/10\\\/logo-reference-systemes-vertical.svg\",\"contentUrl\":\"https:\\\/\\\/reference.ca\\\/wp-content\\\/uploads\\\/2022\\\/10\\\/logo-reference-systemes-vertical.svg\",\"width\":\"1024\",\"height\":\"1024\",\"caption\":\"reference.ca\"},\"image\":{\"@id\":\"https:\\\/\\\/reference.ca\\\/en\\\/#\\\/schema\\\/logo\\\/image\\\/\"},\"sameAs\":[\"https:\\\/\\\/www.facebook.com\\\/referencesystemes\\\/\",\"https:\\\/\\\/x.com\\\/referencesys\"]}]}<\/script>\n<!-- \/ Yoast SEO plugin. -->","yoast_head_json":{"title":"Cookie Policy - R\u00e9f\u00e9rence Syst\u00e8mes","robots":{"index":"index","follow":"follow","max-snippet":"max-snippet:-1","max-image-preview":"max-image-preview:large","max-video-preview":"max-video-preview:-1"},"canonical":"https:\/\/reference.ca\/en\/cookie-policy-ca\/","og_locale":"en_US","og_type":"article","og_title":"Cookie Policy - R\u00e9f\u00e9rence Syst\u00e8mes","og_description":"Cookie Usage Policy Administrative offices: 400-275 rue du Parvis, Quebec (Qc) G1K 6G7Service request and information: Quebec : 418-650-0997Montreal : 514-904-0996Toll Free: 877-535-0997Email: info@reference.ca2022 - R\u00c9F\u00c9RENCE SYST\u00c8MES Inc. - Computer services for businesses, non-profit organizations and public institutions","og_url":"https:\/\/reference.ca\/en\/cookie-policy-ca\/","og_site_name":"R\u00e9f\u00e9rence Syst\u00e8mes","article_publisher":"https:\/\/www.facebook.com\/referencesystemes\/","article_modified_time":"2025-11-24T18:27:36+00:00","twitter_card":"summary_large_image","twitter_site":"@referencesys","twitter_misc":{"Est. reading time":"1 minute"},"schema":{"@context":"https:\/\/schema.org","@graph":[{"@type":"WebPage","@id":"https:\/\/reference.ca\/en\/cookie-policy-ca\/","url":"https:\/\/reference.ca\/en\/cookie-policy-ca\/","name":"Cookie Policy - R\u00e9f\u00e9rence Syst\u00e8mes","isPartOf":{"@id":"https:\/\/reference.ca\/en\/#website"},"datePublished":"2023-09-11T11:19:46+00:00","dateModified":"2025-11-24T18:27:36+00:00","breadcrumb":{"@id":"https:\/\/reference.ca\/en\/cookie-policy-ca\/#breadcrumb"},"inLanguage":"en-US","potentialAction":[{"@type":"ReadAction","target":["https:\/\/reference.ca\/en\/cookie-policy-ca\/"]}]},{"@type":"BreadcrumbList","@id":"https:\/\/reference.ca\/en\/cookie-policy-ca\/#breadcrumb","itemListElement":[{"@type":"ListItem","position":1,"name":"Accueil","item":"https:\/\/reference.ca\/en\/home\/"},{"@type":"ListItem","position":2,"name":"Cookie Policy"}]},{"@type":"WebSite","@id":"https:\/\/reference.ca\/en\/#website","url":"https:\/\/reference.ca\/en\/","name":"reference.ca","description":"Services informatiques aux entreprises","publisher":{"@id":"https:\/\/reference.ca\/en\/#organization"},"potentialAction":[{"@type":"SearchAction","target":{"@type":"EntryPoint","urlTemplate":"https:\/\/reference.ca\/en\/?s={search_term_string}"},"query-input":{"@type":"PropertyValueSpecification","valueRequired":true,"valueName":"search_term_string"}}],"inLanguage":"en-US"},{"@type":"Organization","@id":"https:\/\/reference.ca\/en\/#organization","name":"reference.ca","url":"https:\/\/reference.ca\/en\/","logo":{"@type":"ImageObject","inLanguage":"en-US","@id":"https:\/\/reference.ca\/en\/#\/schema\/logo\/image\/","url":"https:\/\/reference.ca\/wp-content\/uploads\/2022\/10\/logo-reference-systemes-vertical.svg","contentUrl":"https:\/\/reference.ca\/wp-content\/uploads\/2022\/10\/logo-reference-systemes-vertical.svg","width":"1024","height":"1024","caption":"reference.ca"},"image":{"@id":"https:\/\/reference.ca\/en\/#\/schema\/logo\/image\/"},"sameAs":["https:\/\/www.facebook.com\/referencesystemes\/","https:\/\/x.com\/referencesys"]}]}},"_links":{"self":[{"href":"https:\/\/reference.ca\/en\/wp-json\/wp\/v2\/pages\/1872","targetHints":{"allow":["GET"]}}],"collection":[{"href":"https:\/\/reference.ca\/en\/wp-json\/wp\/v2\/pages"}],"about":[{"href":"https:\/\/reference.ca\/en\/wp-json\/wp\/v2\/types\/page"}],"author":[{"embeddable":true,"href":"https:\/\/reference.ca\/en\/wp-json\/wp\/v2\/users\/1"}],"replies":[{"embeddable":true,"href":"https:\/\/reference.ca\/en\/wp-json\/wp\/v2\/comments?post=1872"}],"version-history":[{"count":9,"href":"https:\/\/reference.ca\/en\/wp-json\/wp\/v2\/pages\/1872\/revisions"}],"predecessor-version":[{"id":2665,"href":"https:\/\/reference.ca\/en\/wp-json\/wp\/v2\/pages\/1872\/revisions\/2665"}],"wp:attachment":[{"href":"https:\/\/reference.ca\/en\/wp-json\/wp\/v2\/media?parent=1872"}],"curies":[{"name":"wp","href":"https:\/\/api.w.org\/{rel}","templated":true}]}}